{"id":21322,"date":"2019-06-16T20:09:32","date_gmt":"2019-06-16T18:09:32","guid":{"rendered":"https:\/\/www.mmmm.pt\/aviso-legal\/"},"modified":"2024-04-05T13:56:11","modified_gmt":"2024-04-05T11:56:11","slug":"aviso-legal","status":"publish","type":"page","link":"https:\/\/www.mmmm.com.pt\/pt-pt\/aviso-legal\/","title":{"rendered":"Aviso legal"},"content":{"rendered":"<p><strong>1.- Direito \u00e0 informa\u00e7\u00e3o<\/strong><\/p>\n<p>Informamos que este website \u00e9 propriedade da MONEREO MEYER, SOCIEDADE DE ADVOGADOS, SP, RL (doravante, \u201c<strong>mmmm<\/strong>\u201d), com N. I. F. 517 083 973, e com sede social na Rua Filipe Folque n. o 10 J, 4\u00ba Dt\u00ba, 1050-113 Lisboa, freguesia de Avenidas Novas, concelho de Lisboa.<\/p>\n<p>O acesso e\/ou utiliza\u00e7\u00e3o do <em>site<\/em> atribui-lhe a condi\u00e7\u00e3o de Utilizador e aceita, a partir desse acesso e\/ou utiliza\u00e7\u00e3o, o presente aviso legal.<\/p>\n<p>O Utilizador (doravante o \u201cUtilizador\u201d) pode contactar a mmmm atrav\u00e9s do seguinte endere\u00e7o de e-mail: lis@mmmm.pt, atrav\u00e9s do n\u00famero de telefone +351 210 203\u00a0478.<\/p>\n<p><strong>2.- Utiliza\u00e7\u00e3o do <em>website<\/em><\/strong><\/p>\n<p>O Utilizador assume a responsabilidade pela utiliza\u00e7\u00e3o do <em>site<\/em>. O <em>site<\/em> pode fornecer acesso a uma infinidade de textos, gr\u00e1ficos, projetos, desenhos, fotografias, conte\u00fados multim\u00e9dia e informa\u00e7\u00f5es (doravante, &#8220;conte\u00fados&#8221;) pertencentes \u00e0 mmmm ou a terceiros aos quais o Utilizador possa ter acesso.<\/p>\n<p>O Utilizador compromete-se a fazer um uso adequado dos conte\u00fados e servi\u00e7os oferecidos atrav\u00e9s do <em>site<\/em> e, com car\u00e1ter enunciativo, mas n\u00e3o limitativo, a n\u00e3o utiliz\u00e1-los para <strong>(i)<\/strong> incorrer em atividades il\u00edcitas, ilegais ou contr\u00e1rias \u00e0 boa-f\u00e9 e \u00e0 ordem p\u00fablica; <strong>(ii)<\/strong> causar danos aos sistemas f\u00edsicos e l\u00f3gicos do <em>site <\/em>da mmmm, dos seus fornecedores ou de terceiros; <strong>(iii)<\/strong> introduzir ou difundir na rede v\u00edrus inform\u00e1ticos ou quaisquer outros sistemas f\u00edsicos ou l\u00f3gicos suscet\u00edveis de causar os danos acima mencionados; <strong>(iv)<\/strong> tentar aceder, utilizar e\/ou manipular os dados de fornecedores terceiros da mmmm ou de outros utilizadores, <strong>(v)<\/strong> reproduzir ou copiar, distribuir, tornar acess\u00edvel ao p\u00fablico atrav\u00e9s de qualquer meio de comunica\u00e7\u00e3o p\u00fablica, transformar ou modificar os conte\u00fados, salvo com autoriza\u00e7\u00e3o da mmmm; <strong>(vi)<\/strong> suprimir, ocultar ou manipular os conte\u00fados sujeitos a direitos de propriedade intelectual ou industrial e outros dados identificativos desses direitos da mmmm ou de terceiros incorporados nos conte\u00fados, bem como os dispositivos t\u00e9cnicos de prote\u00e7\u00e3o ou quaisquer mecanismos de informa\u00e7\u00e3o que possam ser incorporados nos conte\u00fados.<\/p>\n<p>A mmmm adverte que os materiais contidos neste <em>site<\/em> foram inclu\u00eddos apenas para fins informativos e, portanto, s\u00e3o insuficientes para tomar decis\u00f5es ou tomar posi\u00e7\u00f5es num caso espec\u00edfico.<\/p>\n<p>O Utilizador deve estar ciente de que os materiais contidos neste <em>site<\/em> podem n\u00e3o refletir o estado legislativo ou jurisprudencial mais recente sobre as quest\u00f5es analisadas. Al\u00e9m disso, estes materiais podem ser alterados, desenvolvidos ou atualizados sem aviso pr\u00e9vio.<\/p>\n<p>A mmmm tem o direito de investigar e denunciar qualquer uma das condutas mencionadas de acordo com a lei, bem como de cooperar com as autoridades na investiga\u00e7\u00e3o de tais condutas.<\/p>\n<p>A mmmm pode suspender temporariamente e sem aviso pr\u00e9vio, a acessibilidade ao <em>site<\/em> para fins de manuten\u00e7\u00e3o, repara\u00e7\u00e3o, atualiza\u00e7\u00e3o ou melhoria. No entanto, sempre que as circunst\u00e2ncias o permitam, a mmmm informar\u00e1 o Utilizador, com anteced\u00eancia suficiente, da data prevista para a suspens\u00e3o dos servi\u00e7os. A mmmm n\u00e3o se responsabiliza pelo uso que os utilizadores possam fazer dos conte\u00fados inclu\u00eddos no <em>site<\/em>.<\/p>\n<p><strong>3.- Propriedade Intelectual e Industrial<\/strong><\/p>\n<p>Todos os direitos de propriedade intelectual sobre o conte\u00fado deste <em>site<\/em> e do seu design gr\u00e1fico s\u00e3o propriedade exclusiva da mmmm, ou de um terceiro que tenha autorizado a sua utiliza\u00e7\u00e3o, pelo que cabe \u00e0 mmmm o exerc\u00edcio exclusivo dos direitos de explora\u00e7\u00e3o dos mesmos.<\/p>\n<p>Nos termos da legisla\u00e7\u00e3o aplic\u00e1vel em mat\u00e9ria de propriedade intelectual e industrial, \u00e9 proibida a reprodu\u00e7\u00e3o, transmiss\u00e3o, adapta\u00e7\u00e3o, tradu\u00e7\u00e3o, distribui\u00e7\u00e3o, comunica\u00e7\u00e3o p\u00fablica, incluindo a sua modalidade de coloca\u00e7\u00e3o \u00e0 disposi\u00e7\u00e3o, ou qualquer outra explora\u00e7\u00e3o e\/ou modifica\u00e7\u00e3o, total ou parcial, sem pr\u00e9via autoriza\u00e7\u00e3o expressa da mmm, de qualquer conte\u00fado inclu\u00eddo no <em>site.<\/em><\/p>\n<p>A mmmm n\u00e3o concede qualquer licen\u00e7a ou autoriza\u00e7\u00e3o de uso de qualquer tipo sobre os seus direitos de propriedade intelectual ou industrial ou sobre qualquer outra propriedade ou direito relacionado com o <em>site<\/em>, os servi\u00e7os ou o conte\u00fado do mesmo.<\/p>\n<p>\u00c9 permitida a reprodu\u00e7\u00e3o e armazenamento tempor\u00e1rio dos conte\u00fados do <em>site<\/em>, desde que tal seja estritamente necess\u00e1rio para a utiliza\u00e7\u00e3o e visualiza\u00e7\u00e3o do <em>site<\/em> a partir de um computador pessoal.<\/p>\n<p>A legitimidade dos direitos de propriedade intelectual ou industrial correspondentes aos conte\u00fados aportados pelos utilizadores \u00e9 da exclusiva responsabilidade dos mesmos, pelo que o Utilizador isentar\u00e1 a mmmm de qualquer reclama\u00e7\u00e3o de terceiros derivados da utiliza\u00e7\u00e3o il\u00edcita de conte\u00fados do <em>site<\/em>.<\/p>\n<p><strong>4.- Responsabilidade e Garantias<\/strong><\/p>\n<p>A mmmm declara que tomou as medidas necess\u00e1rias para, dentro das suas possibilidades e do estado da tecnologia, permitir o bom funcionamento do seu <em>site<\/em>, bem como a aus\u00eancia de v\u00edrus e componentes prejudicais. No entanto, a mmmm n\u00e3o pode ser responsabilizada por: <strong>(i)<\/strong> a continuidade e disponibilidade dos conte\u00fados e servi\u00e7os; <strong>(ii)<\/strong> a aus\u00eancia de erros em tais conte\u00fados ou a corre\u00e7\u00e3o de quaisquer defeitos que possam ocorrer; <strong>(iii)<\/strong> a aus\u00eancia de v\u00edrus e\/ou outros componentes prejudiciais; <strong>(iv)<\/strong> quaisquer danos ou preju\u00edzos causados por qualquer pessoa que viole os sistemas de seguran\u00e7a da mmmm.<\/p>\n<p>Os contributos que se encontram nestas p\u00e1ginas destinam-se apenas para fins informativos. A mmmm n\u00e3o garante a integridade, exatid\u00e3o e atualidade dos seus conte\u00fados. Por conseguinte, n\u00e3o podem ser considerados pareceres jur\u00eddicos espec\u00edficos em casos individuais. A rela\u00e7\u00e3o cliente-advogado s\u00f3 come\u00e7a ap\u00f3s confirma\u00e7\u00e3o por escrito.<\/p>\n<p>A mmmm n\u00e3o assume qualquer responsabilidade pelas liga\u00e7\u00f5es para outras p\u00e1ginas web encontradas no seu <em>site<\/em>, onde o Utilizador pode ser direcionado para outras p\u00e1ginas web sobre as quais a mmmm n\u00e3o tem qualquer controlo. Assim, a inclus\u00e3o de liga\u00e7\u00f5es para outras p\u00e1ginas web n\u00e3o implica a aprova\u00e7\u00e3o dos seus conte\u00fados pela mmmm ou a exist\u00eancia de qualquer tipo de associa\u00e7\u00e3o entre a mmmm e os seus propriet\u00e1rios. Como tal, o Utilizador acede ao Conte\u00fado sob sua exclusiva responsabilidade e de acordo com as condi\u00e7\u00f5es de utiliza\u00e7\u00e3o que o regem.<\/p>\n<p><strong>5.- Termo e modifica\u00e7\u00e3o<\/strong><\/p>\n<p>Este aviso legal \u00e9 v\u00e1lido por um per\u00edodo indeterminado, e a mmmm pode fazer altera\u00e7\u00f5es nas condi\u00e7\u00f5es espec\u00edficas do mesmo, que entrar\u00e3o em vigor a partir do momento da sua publica\u00e7\u00e3o.<\/p>\n<p>A mmmm pode eliminar, adicionar ou alterar tanto o conte\u00fado como os servi\u00e7os que fornece, bem como a forma como estes est\u00e3o localizados ou apresentados. As condi\u00e7\u00f5es publicadas quando o Utilizador acede ao site da mmmm consideram-se em vigor.<\/p>\n<p>O acesso e a utiliza\u00e7\u00e3o do <em>site<\/em> devem ser entendidos como aceita\u00e7\u00e3o por parte do Utilizador do presente Aviso Legal e das suas condi\u00e7\u00f5es e, quando aplic\u00e1vel, das altera\u00e7\u00f5es introduzidas no mesmo.<\/p>\n","protected":false},"excerpt":{"rendered":"<p>1.- Direito \u00e0 informa\u00e7\u00e3o Informamos que este website \u00e9 propriedade da MONEREO MEYER, SOCIEDADE DE ADVOGADOS, SP, RL (doravante, \u201cmmmm\u201d), com N. I. F. 517 083 973, e com sede social na Rua Filipe Folque n. o 10 J, 4\u00ba Dt\u00ba, 1050-113 Lisboa, freguesia de Avenidas Novas, concelho de Lisboa. O acesso e\/ou utiliza\u00e7\u00e3o do [&hellip;]<\/p>\n","protected":false},"author":1,"featured_media":0,"parent":0,"menu_order":0,"comment_status":"closed","ping_status":"closed","template":"","meta":{"footnotes":""},"class_list":["post-21322","page","type-page","status-publish","hentry"],"acf":[],"rankMath":{"parentDomain":"www.mmmm.com.pt","noFollowDomains":[],"noFollowExcludeDomains":[],"noFollowExternalLinks":false,"featuredImageNotice":"The featured image should be at least 200 by 200 pixels to be picked up by Facebook and other social media sites.","pluginReviewed":false,"postSettings":{"linkSuggestions":true,"useFocusKeyword":false},"frontEndScore":false,"postName":"aviso-legal","permalinkFormat":"https:\/\/www.mmmm.com.pt\/pt-pt\/%pagename%\/","showLockModifiedDate":true,"assessor":{"focusKeywordLink":"https:\/\/www.mmmm.com.pt\/core\/wp-admin\/edit.php?focus_keyword=%focus_keyword%&post_type=%post_type%","hasTOCPlugin":false,"primaryTaxonomy":false,"serpData":{"title":"","description":"","focusKeywords":"","pillarContent":false,"canonicalUrl":"","breadcrumbTitle":"","advancedRobots":[],"facebookTitle":"","facebookDescription":"","facebookImage":"","facebookImageID":"","facebookHasOverlay":false,"facebookImageOverlay":"","facebookAuthor":"","twitterCardType":"","twitterUseFacebook":true,"twitterTitle":"","twitterDescription":"","twitterImage":"","twitterImageID":"","twitterHasOverlay":false,"twitterImageOverlay":"","twitterPlayerUrl":"","twitterPlayerSize":"","twitterPlayerStream":"","twitterPlayerStreamCtype":"","twitterAppDescription":"","twitterAppIphoneName":"","twitterAppIphoneID":"","twitterAppIphoneUrl":"","twitterAppIpadName":"","twitterAppIpadID":"","twitterAppIpadUrl":"","twitterAppGoogleplayName":"","twitterAppGoogleplayID":"","twitterAppGoogleplayUrl":"","twitterAppCountry":"","robots":{"index":true},"twitterAuthor":"username","primaryTerm":0,"authorName":"mmmm_admin","titleTemplate":"%title% %sep% %sitename%","descriptionTemplate":"%excerpt%","showScoreFrontend":true,"lockModifiedDate":false},"powerWords":[],"diacritics":{"A":"[\\u0041\\u24B6\\uFF21\\u00C0\\u00C1\\u00C2\\u1EA6\\u1EA4\\u1EAA\\u1EA8\\u00C3\\u0100\\u0102\\u1EB0\\u1EAE\\u1EB4\\u1EB2\\u0226\\u01E0\\u00C4\\u01DE\\u1EA2\\u00C5\\u01FA\\u01CD\\u0200\\u0202\\u1EA0\\u1EAC\\u1EB6\\u1E00\\u0104\\u023A\\u2C6F]","AA":"[\\uA732]","AE":"[\\u00C6\\u01FC\\u01E2]","AO":"[\\uA734]","AU":"[\\uA736]","AV":"[\\uA738\\uA73A]","AY":"[\\uA73C]","B":"[\\u0042\\u24B7\\uFF22\\u1E02\\u1E04\\u1E06\\u0243\\u0182\\u0181]","C":"[\\u0043\\u24B8\\uFF23\\u0106\\u0108\\u010A\\u010C\\u00C7\\u1E08\\u0187\\u023B\\uA73E]","D":"[\\u0044\\u24B9\\uFF24\\u1E0A\\u010E\\u1E0C\\u1E10\\u1E12\\u1E0E\\u0110\\u018B\\u018A\\u0189\\uA779]","DZ":"[\\u01F1\\u01C4]","Dz":"[\\u01F2\\u01C5]","E":"[\\u0045\\u24BA\\uFF25\\u00C8\\u00C9\\u00CA\\u1EC0\\u1EBE\\u1EC4\\u1EC2\\u1EBC\\u0112\\u1E14\\u1E16\\u0114\\u0116\\u00CB\\u1EBA\\u011A\\u0204\\u0206\\u1EB8\\u1EC6\\u0228\\u1E1C\\u0118\\u1E18\\u1E1A\\u0190\\u018E]","F":"[\\u0046\\u24BB\\uFF26\\u1E1E\\u0191\\uA77B]","G":"[\\u0047\\u24BC\\uFF27\\u01F4\\u011C\\u1E20\\u011E\\u0120\\u01E6\\u0122\\u01E4\\u0193\\uA7A0\\uA77D\\uA77E]","H":"[\\u0048\\u24BD\\uFF28\\u0124\\u1E22\\u1E26\\u021E\\u1E24\\u1E28\\u1E2A\\u0126\\u2C67\\u2C75\\uA78D]","I":"[\\u0049\\u24BE\\uFF29\\u00CC\\u00CD\\u00CE\\u0128\\u012A\\u012C\\u0130\\u00CF\\u1E2E\\u1EC8\\u01CF\\u0208\\u020A\\u1ECA\\u012E\\u1E2C\\u0197]","J":"[\\u004A\\u24BF\\uFF2A\\u0134\\u0248]","K":"[\\u004B\\u24C0\\uFF2B\\u1E30\\u01E8\\u1E32\\u0136\\u1E34\\u0198\\u2C69\\uA740\\uA742\\uA744\\uA7A2]","L":"[\\u004C\\u24C1\\uFF2C\\u013F\\u0139\\u013D\\u1E36\\u1E38\\u013B\\u1E3C\\u1E3A\\u0141\\u023D\\u2C62\\u2C60\\uA748\\uA746\\uA780]","LJ":"[\\u01C7]","Lj":"[\\u01C8]","M":"[\\u004D\\u24C2\\uFF2D\\u1E3E\\u1E40\\u1E42\\u2C6E\\u019C]","N":"[\\u004E\\u24C3\\uFF2E\\u01F8\\u0143\\u00D1\\u1E44\\u0147\\u1E46\\u0145\\u1E4A\\u1E48\\u0220\\u019D\\uA790\\uA7A4]","NJ":"[\\u01CA]","Nj":"[\\u01CB]","O":"[\\u004F\\u24C4\\uFF2F\\u00D2\\u00D3\\u00D4\\u1ED2\\u1ED0\\u1ED6\\u1ED4\\u00D5\\u1E4C\\u022C\\u1E4E\\u014C\\u1E50\\u1E52\\u014E\\u022E\\u0230\\u00D6\\u022A\\u1ECE\\u0150\\u01D1\\u020C\\u020E\\u01A0\\u1EDC\\u1EDA\\u1EE0\\u1EDE\\u1EE2\\u1ECC\\u1ED8\\u01EA\\u01EC\\u00D8\\u01FE\\u0186\\u019F\\uA74A\\uA74C]","OI":"[\\u01A2]","OO":"[\\uA74E]","OU":"[\\u0222]","P":"[\\u0050\\u24C5\\uFF30\\u1E54\\u1E56\\u01A4\\u2C63\\uA750\\uA752\\uA754]","Q":"[\\u0051\\u24C6\\uFF31\\uA756\\uA758\\u024A]","R":"[\\u0052\\u24C7\\uFF32\\u0154\\u1E58\\u0158\\u0210\\u0212\\u1E5A\\u1E5C\\u0156\\u1E5E\\u024C\\u2C64\\uA75A\\uA7A6\\uA782]","S":"[\\u0053\\u24C8\\uFF33\\u1E9E\\u015A\\u1E64\\u015C\\u1E60\\u0160\\u1E66\\u1E62\\u1E68\\u0218\\u015E\\u2C7E\\uA7A8\\uA784]","T":"[\\u0054\\u24C9\\uFF34\\u1E6A\\u0164\\u1E6C\\u021A\\u0162\\u1E70\\u1E6E\\u0166\\u01AC\\u01AE\\u023E\\uA786]","TZ":"[\\uA728]","U":"[\\u0055\\u24CA\\uFF35\\u00D9\\u00DA\\u00DB\\u0168\\u1E78\\u016A\\u1E7A\\u016C\\u00DC\\u01DB\\u01D7\\u01D5\\u01D9\\u1EE6\\u016E\\u0170\\u01D3\\u0214\\u0216\\u01AF\\u1EEA\\u1EE8\\u1EEE\\u1EEC\\u1EF0\\u1EE4\\u1E72\\u0172\\u1E76\\u1E74\\u0244]","V":"[\\u0056\\u24CB\\uFF36\\u1E7C\\u1E7E\\u01B2\\uA75E\\u0245]","VY":"[\\uA760]","W":"[\\u0057\\u24CC\\uFF37\\u1E80\\u1E82\\u0174\\u1E86\\u1E84\\u1E88\\u2C72]","X":"[\\u0058\\u24CD\\uFF38\\u1E8A\\u1E8C]","Y":"[\\u0059\\u24CE\\uFF39\\u1EF2\\u00DD\\u0176\\u1EF8\\u0232\\u1E8E\\u0178\\u1EF6\\u1EF4\\u01B3\\u024E\\u1EFE]","Z":"[\\u005A\\u24CF\\uFF3A\\u0179\\u1E90\\u017B\\u017D\\u1E92\\u1E94\\u01B5\\u0224\\u2C7F\\u2C6B\\uA762]","a":"[\\u0061\\u24D0\\uFF41\\u1E9A\\u00E0\\u00E1\\u00E2\\u1EA7\\u1EA5\\u1EAB\\u1EA9\\u00E3\\u0101\\u0103\\u1EB1\\u1EAF\\u1EB5\\u1EB3\\u0227\\u01E1\\u00E4\\u01DF\\u1EA3\\u00E5\\u01FB\\u01CE\\u0201\\u0203\\u1EA1\\u1EAD\\u1EB7\\u1E01\\u0105\\u2C65\\u0250]","aa":"[\\uA733]","ae":"[\\u00E6\\u01FD\\u01E3]","ao":"[\\uA735]","au":"[\\uA737]","av":"[\\uA739\\uA73B]","ay":"[\\uA73D]","b":"[\\u0062\\u24D1\\uFF42\\u1E03\\u1E05\\u1E07\\u0180\\u0183\\u0253]","c":"[\\u0063\\u24D2\\uFF43\\u0107\\u0109\\u010B\\u010D\\u00E7\\u1E09\\u0188\\u023C\\uA73F\\u2184]","d":"[\\u0064\\u24D3\\uFF44\\u1E0B\\u010F\\u1E0D\\u1E11\\u1E13\\u1E0F\\u0111\\u018C\\u0256\\u0257\\uA77A]","dz":"[\\u01F3\\u01C6]","e":"[\\u0065\\u24D4\\uFF45\\u00E8\\u00E9\\u00EA\\u1EC1\\u1EBF\\u1EC5\\u1EC3\\u1EBD\\u0113\\u1E15\\u1E17\\u0115\\u0117\\u00EB\\u1EBB\\u011B\\u0205\\u0207\\u1EB9\\u1EC7\\u0229\\u1E1D\\u0119\\u1E19\\u1E1B\\u0247\\u025B\\u01DD]","f":"[\\u0066\\u24D5\\uFF46\\u1E1F\\u0192\\uA77C]","g":"[\\u0067\\u24D6\\uFF47\\u01F5\\u011D\\u1E21\\u011F\\u0121\\u01E7\\u0123\\u01E5\\u0260\\uA7A1\\u1D79\\uA77F]","h":"[\\u0068\\u24D7\\uFF48\\u0125\\u1E23\\u1E27\\u021F\\u1E25\\u1E29\\u1E2B\\u1E96\\u0127\\u2C68\\u2C76\\u0265]","hv":"[\\u0195]","i":"[\\u0069\\u24D8\\uFF49\\u00EC\\u00ED\\u00EE\\u0129\\u012B\\u012D\\u00EF\\u1E2F\\u1EC9\\u01D0\\u0209\\u020B\\u1ECB\\u012F\\u1E2D\\u0268\\u0131]","j":"[\\u006A\\u24D9\\uFF4A\\u0135\\u01F0\\u0249]","k":"[\\u006B\\u24DA\\uFF4B\\u1E31\\u01E9\\u1E33\\u0137\\u1E35\\u0199\\u2C6A\\uA741\\uA743\\uA745\\uA7A3]","l":"[\\u006C\\u24DB\\uFF4C\\u0140\\u013A\\u013E\\u1E37\\u1E39\\u013C\\u1E3D\\u1E3B\\u017F\\u0142\\u019A\\u026B\\u2C61\\uA749\\uA781\\uA747]","lj":"[\\u01C9]","m":"[\\u006D\\u24DC\\uFF4D\\u1E3F\\u1E41\\u1E43\\u0271\\u026F]","n":"[\\u006E\\u24DD\\uFF4E\\u01F9\\u0144\\u00F1\\u1E45\\u0148\\u1E47\\u0146\\u1E4B\\u1E49\\u019E\\u0272\\u0149\\uA791\\uA7A5]","nj":"[\\u01CC]","o":"[\\u006F\\u24DE\\uFF4F\\u00F2\\u00F3\\u00F4\\u1ED3\\u1ED1\\u1ED7\\u1ED5\\u00F5\\u1E4D\\u022D\\u1E4F\\u014D\\u1E51\\u1E53\\u014F\\u022F\\u0231\\u00F6\\u022B\\u1ECF\\u0151\\u01D2\\u020D\\u020F\\u01A1\\u1EDD\\u1EDB\\u1EE1\\u1EDF\\u1EE3\\u1ECD\\u1ED9\\u01EB\\u01ED\\u00F8\\u01FF\\u0254\\uA74B\\uA74D\\u0275]","oi":"[\\u01A3]","ou":"[\\u0223]","oo":"[\\uA74F]","p":"[\\u0070\\u24DF\\uFF50\\u1E55\\u1E57\\u01A5\\u1D7D\\uA751\\uA753\\uA755]","q":"[\\u0071\\u24E0\\uFF51\\u024B\\uA757\\uA759]","r":"[\\u0072\\u24E1\\uFF52\\u0155\\u1E59\\u0159\\u0211\\u0213\\u1E5B\\u1E5D\\u0157\\u1E5F\\u024D\\u027D\\uA75B\\uA7A7\\uA783]","s":"[\\u0073\\u24E2\\uFF53\\u015B\\u1E65\\u015D\\u1E61\\u0161\\u1E67\\u1E63\\u1E69\\u0219\\u015F\\u023F\\uA7A9\\uA785\\u1E9B]","ss":"[\\u00DF]","t":"[\\u0074\\u24E3\\uFF54\\u1E6B\\u1E97\\u0165\\u1E6D\\u021B\\u0163\\u1E71\\u1E6F\\u0167\\u01AD\\u0288\\u2C66\\uA787]","tz":"[\\uA729]","u":"[\\u0075\\u24E4\\uFF55\\u00F9\\u00FA\\u00FB\\u0169\\u1E79\\u016B\\u1E7B\\u016D\\u00FC\\u01DC\\u01D8\\u01D6\\u01DA\\u1EE7\\u016F\\u0171\\u01D4\\u0215\\u0217\\u01B0\\u1EEB\\u1EE9\\u1EEF\\u1EED\\u1EF1\\u1EE5\\u1E73\\u0173\\u1E77\\u1E75\\u0289]","v":"[\\u0076\\u24E5\\uFF56\\u1E7D\\u1E7F\\u028B\\uA75F\\u028C]","vy":"[\\uA761]","w":"[\\u0077\\u24E6\\uFF57\\u1E81\\u1E83\\u0175\\u1E87\\u1E85\\u1E98\\u1E89\\u2C73]","x":"[\\u0078\\u24E7\\uFF58\\u1E8B\\u1E8D]","y":"[\\u0079\\u24E8\\uFF59\\u1EF3\\u00FD\\u0177\\u1EF9\\u0233\\u1E8F\\u00FF\\u1EF7\\u1E99\\u1EF5\\u01B4\\u024F\\u1EFF]","z":"[\\u007A\\u24E9\\uFF5A\\u017A\\u1E91\\u017C\\u017E\\u1E93\\u1E95\\u01B6\\u0225\\u0240\\u2C6C\\uA763]"},"researchesTests":["contentHasTOC","contentHasShortParagraphs","contentHasAssets","keywordInTitle","keywordInMetaDescription","keywordInPermalink","keywordIn10Percent","keywordInContent","keywordInSubheadings","keywordInImageAlt","keywordDensity","keywordNotUsed","lengthContent","lengthPermalink","linksHasInternal","linksHasExternals","linksNotAllExternals","titleStartWithKeyword","titleSentiment","titleHasPowerWords","titleHasNumber","hasContentAI"],"hasRedirection":false,"hasBreadcrumb":false},"homeUrl":"https:\/\/www.mmmm.com.pt\/pt-pt\/","objectID":21322,"objectType":"post","locale":"pt","localeFull":"pt_PT","overlayImages":{"play":{"name":"Play icon","url":"https:\/\/www.mmmm.com.pt\/mmmm-content\/plugins\/seo-by-rank-math\/assets\/admin\/img\/icon-play.png","path":"\/var\/www\/vhosts\/mmmm.com.pt\/httpdocs\/mmmm-content\/plugins\/seo-by-rank-math\/assets\/admin\/img\/icon-play.png","position":"middle_center"},"gif":{"name":"GIF icon","url":"https:\/\/www.mmmm.com.pt\/mmmm-content\/plugins\/seo-by-rank-math\/assets\/admin\/img\/icon-gif.png","path":"\/var\/www\/vhosts\/mmmm.com.pt\/httpdocs\/mmmm-content\/plugins\/seo-by-rank-math\/assets\/admin\/img\/icon-gif.png","position":"middle_center"}},"defautOgImage":"https:\/\/www.mmmm.com.pt\/mmmm-content\/plugins\/seo-by-rank-math\/assets\/admin\/img\/social-placeholder.jpg","customPermalinks":true,"isUserRegistered":false,"autoSuggestKeywords":false,"connectSiteUrl":"https:\/\/rankmath.com\/auth?site=https%3A%2F%2Fwww.mmmm.com.pt%2Fpt-pt%2F&r=https%3A%2F%2Fwww.mmmm.com.pt%2Fpt-pt%2Fwp-json%2Fwp%2Fv2%2Fpages%2F21322%3Fnonce%3Dfc1ddd7a25","maxTags":5,"trendsIcon":"<svg viewBox=\"0 0 610 610\"><path d=\"M18.85,446,174.32,290.48l58.08,58.08L76.93,504a14.54,14.54,0,0,1-20.55,0L18.83,466.48a14.54,14.54,0,0,1,0-20.55Z\" style=\"fill:#4285f4\"\/><path d=\"M242.65,242.66,377.59,377.6l-47.75,47.75a14.54,14.54,0,0,1-20.55,0L174.37,290.43l47.75-47.75A14.52,14.52,0,0,1,242.65,242.66Z\" style=\"fill:#ea4335\"\/><polygon points=\"319.53 319.53 479.26 159.8 537.34 217.88 377.61 377.62 319.53 319.53\" style=\"fill:#fabb05\"\/><path d=\"M594.26,262.73V118.61h0a16.94,16.94,0,0,0-16.94-16.94H433.2a16.94,16.94,0,0,0-12,28.92L565.34,274.71h0a16.94,16.94,0,0,0,28.92-12Z\" style=\"fill:#34a853\"\/><rect width=\"610\" height=\"610\" style=\"fill:none\"\/><\/svg>","showScore":true,"siteFavIcon":"data:image\/png;base64,iVBORw0KGgoAAAANSUhEUgAAABAAAAAQCAYAAAAf8\/9hAAABs0lEQVR4AWL4\/\/8\/RRjO8Iucx+noO0MWUDo16FYABMGP6ZfUcRnWtm27jVPbtm3bttuH2t3eFPcY9pLz7NxiLjCyVd87pKnHyqXyxtCs8APd0rnyxiu4qSeA3QEDrAwBDrT1s1Rc\/OrjLZwqVmOSu6+Lamcpp2KKMA9PH1BYXMe1mUP5qotvXTywsOEEYHXxrY+3cqk6TMkYpNr2FeoY3KIr0RPtn9wQ2unlA+GMkRw6+9TFw4YTwDUzx\/JVvARj9KaedXRO8P5B1Du2S32smzqUrcKGEyA+uAgQjKX7zf0boWHGfn71jIKj2689gxp7OAGShNcBUmLMPVjZuiKcA2vuWHHDCQxMCz629kXAIU4ApY15QwggAFbfOP9DhgBJ+nWVJ1AZAfICAj1pAlY6hCADZnveQf7bQIwzVONGJonhLIlS9gr5mFg44Xd+4S3XHoGNPdJl1INIwKyEgHckEhgTe1bGiFY9GSFBYUwLh1IkiJUbY407E7syBSFxKTszEoiE\/YdrgCEayDmtaJwCI9uu8TKMuZSVfSa4BpGgzvomBR\/INhLGzrqDotp01ZR8pn\/1L0JN9d9XNyx0AAAAAElFTkSuQmCC","canUser":{"general":false,"advanced":false,"snippet":false,"social":false,"analysis":false,"analytics":false,"content_ai":false},"isPro":false,"is_front_page":false,"trendsUpgradeLink":"https:\/\/rankmath.com\/pricing\/?utm_source=Plugin&utm_medium=CE%20General%20Tab%20Trends&utm_campaign=WP","trendsUpgradeLabel":"Upgrade","trendsPreviewImage":"https:\/\/www.mmmm.com.pt\/mmmm-content\/plugins\/seo-by-rank-math\/assets\/admin\/img\/trends-preview.jpg","currentEditor":false,"homepageData":{"assessor":{"powerWords":[],"diacritics":true,"researchesTests":["contentHasTOC","contentHasShortParagraphs","contentHasAssets","keywordInTitle","keywordInMetaDescription","keywordInPermalink","keywordIn10Percent","keywordInContent","keywordInSubheadings","keywordInImageAlt","keywordDensity","keywordNotUsed","lengthContent","lengthPermalink","linksHasInternal","linksHasExternals","linksNotAllExternals","titleStartWithKeyword","titleSentiment","titleHasPowerWords","titleHasNumber","hasContentAI"],"hasBreadcrumb":false,"serpData":{"title":"%sitename% %page% %sep% %sitedesc%","description":"","titleTemplate":"%sitename% %page% %sep% %sitedesc%","descriptionTemplate":"","focusKeywords":"","breadcrumbTitle":"Home","robots":{"index":true},"advancedRobots":[],"facebookTitle":"","facebookDescription":"","facebookImage":"","facebookImageID":""}}},"tocTitle":"Table of Contents","tocExcludeHeadings":[],"listStyle":"ul"},"_links":{"self":[{"href":"https:\/\/www.mmmm.com.pt\/pt-pt\/wp-json\/wp\/v2\/pages\/21322","targetHints":{"allow":["GET"]}}],"collection":[{"href":"https:\/\/www.mmmm.com.pt\/pt-pt\/wp-json\/wp\/v2\/pages"}],"about":[{"href":"https:\/\/www.mmmm.com.pt\/pt-pt\/wp-json\/wp\/v2\/types\/page"}],"author":[{"embeddable":true,"href":"https:\/\/www.mmmm.com.pt\/pt-pt\/wp-json\/wp\/v2\/users\/1"}],"replies":[{"embeddable":true,"href":"https:\/\/www.mmmm.com.pt\/pt-pt\/wp-json\/wp\/v2\/comments?post=21322"}],"version-history":[{"count":3,"href":"https:\/\/www.mmmm.com.pt\/pt-pt\/wp-json\/wp\/v2\/pages\/21322\/revisions"}],"predecessor-version":[{"id":22325,"href":"https:\/\/www.mmmm.com.pt\/pt-pt\/wp-json\/wp\/v2\/pages\/21322\/revisions\/22325"}],"wp:attachment":[{"href":"https:\/\/www.mmmm.com.pt\/pt-pt\/wp-json\/wp\/v2\/media?parent=21322"}],"curies":[{"name":"wp","href":"https:\/\/api.w.org\/{rel}","templated":true}]}}