{"id":21323,"date":"2019-06-16T20:03:29","date_gmt":"2019-06-16T18:03:29","guid":{"rendered":"https:\/\/www.mmmm.pt\/politica-de-privacidad-de-monereo-meyer\/"},"modified":"2024-04-05T14:18:40","modified_gmt":"2024-04-05T12:18:40","slug":"politica-de-privacidade-de-monereo-meyer-soc-de-advogados-sp-rl","status":"publish","type":"page","link":"https:\/\/www.mmmm.com.pt\/pt-pt\/politica-de-privacidade-de-monereo-meyer-soc-de-advogados-sp-rl\/","title":{"rendered":"Pol\u00edtica de Privacidade"},"content":{"rendered":"<ol>\n<li><strong>&#8211; Quem \u00e9 o respons\u00e1vel pelo tratamento dos seus dados?<\/strong><\/li>\n<\/ol>\n<p>O respons\u00e1vel pelo tratamento dos seus dados pessoais \u00e9 MONEREO MEYER, SOCIEDADE DE ADVOGADOS, SP, RL (doravante, mmmm), com N. I. F. 517 083 973, e sede social em Rua Filipe Folque n\u00ba 10 J, 4\u00ba Dt\u00ba, 1050-113 Lisboa, freguesia de Avenidas Novas, concelho de Lisboa.<\/p>\n<p>Informamos que a titularidade do dom\u00ednio do site www.mmmm.pt (doravante o \u201cSite\u201d) pertence \u00e0 mmmm.<\/p>\n<p>O acesso e\/ou utiliza\u00e7\u00e3o do <em>site<\/em> confere a condi\u00e7\u00e3o de utilizador (doravante, o \u201cUtilizador\u201d) e implica a aceita\u00e7\u00e3o, a partir do referido acesso e\/ou utiliza\u00e7\u00e3o, da presente Pol\u00edtica de Privacidade.<\/p>\n<p>O Utilizador poder\u00e1 contactar a mmmm atrav\u00e9s do seguinte endere\u00e7o de e-mail: <a href=\"mailto:lis@mmmm.pt\">lis@mmmm.pt<\/a><\/p>\n<ol start=\"2\">\n<li><strong> &#8211; Porque \u00e9 que a mmmm tem legitimidade para realizar o tratamento de dados?<\/strong><\/li>\n<\/ol>\n<p>A mmmm tem legitimidade para processar os seus dados para poder prestar os seus servi\u00e7os.<\/p>\n<p>A mmmm leva muito a s\u00e9rio a prote\u00e7\u00e3o da sua privacidade e dos seus dados pessoais. Portanto, as suas informa\u00e7\u00f5es pessoais s\u00e3o mantidas em seguran\u00e7a e tratadas com o m\u00e1ximo cuidado.<\/p>\n<p>A presente Pol\u00edtica de Privacidade regula o acesso e uso do servi\u00e7o (doravante, o \u201cServi\u00e7o\u201d) que a mmmm coloca \u00e0 disposi\u00e7\u00e3o do Utilizador interessado nos servi\u00e7os e conte\u00fados alojados no <em>site.<\/em><\/p>\n<ol start=\"3\">\n<li><strong> &#8211; Quais s\u00e3o as finalidades do tratamento dos seus dados pessoais pela mmmm?<\/strong><\/li>\n<li><u> a Tratamento de dados pessoais pela mmmm<\/u><\/li>\n<\/ol>\n<p>Os seus dados pessoais recolhidos pela mmmm poder\u00e3o ser utilizados para as seguintes finalidades:<\/p>\n<ol>\n<li>A presta\u00e7\u00e3o dos servi\u00e7os oferecidos atrav\u00e9s do <em>site.<\/em><\/li>\n<li>O envio de comunica\u00e7\u00f5es comerciais personalizadas da mmmm sobre os seus servi\u00e7os por carta, telefone, e-mail, SMS\/MMS ou por outros meios equivalentes de comunica\u00e7\u00e3o eletr\u00f3nica.<\/li>\n<\/ol>\n<p>&nbsp;<\/p>\n<ol start=\"4\">\n<li><strong> &#8211; Veracidade dos dados fornecidos pelos Utilizadores<\/strong><\/li>\n<\/ol>\n<p>O Utilizador garante que os dados pessoais fornecidos s\u00e3o verdadeiros e responsabiliza-se por comunicar \u00e0 mmmm qualquer altera\u00e7\u00e3o dos mesmos. O Utilizador responder\u00e1, em qualquer caso, pela veracidade dos dados fornecidos, reservando-se a mmmm o direito de excluir dos Servi\u00e7os registados qualquer Utilizador que tenha fornecido dados falsos, sem preju\u00edzo de outras a\u00e7\u00f5es que procedam em Direito.<\/p>\n<ol start=\"5\">\n<li><strong> -Preserva\u00e7\u00e3o dos dados<\/strong><\/li>\n<\/ol>\n<p>Os dados pessoais fornecidos ser\u00e3o conservados pela mmmm enquanto o Utilizador n\u00e3o manifestar a sua vontade de cancelar a subscri\u00e7\u00e3o dos servi\u00e7os da mmmm, e isto com a finalidade de receber informa\u00e7\u00f5es sobre os servi\u00e7os da empresa.<\/p>\n<ol start=\"6\">\n<li><strong> &#8211; Direitos do Utilizador em rela\u00e7\u00e3o aos seus dados<\/strong><\/li>\n<\/ol>\n<p>O Utilizador tem o direito de (i) aceder aos seus dados pessoais, bem como (ii) solicitar a retifica\u00e7\u00e3o de dados errados ou, se for o caso, solicitar a sua elimina\u00e7\u00e3o, (iv) solicitar a limita\u00e7\u00e3o do tratamento dos seus dados, (v) opor-se ao tratamento dos seus dados e (vi) solicitar a portabilidade dos mesmos. Al\u00e9m disso, o Utilizador poder\u00e1 exercer o seu (vii) direito ao esquecimento.<\/p>\n<p>O Utilizador pode exercer todos estes direitos no seguinte endere\u00e7o de e-mail, protecaodados@mmmm.pt, indicando o motivo do seu pedido e fornecendo uma c\u00f3pia do seu Cart\u00e3o de Identidade.<\/p>\n<p>O Utilizador tamb\u00e9m pode enviar o seu pedido por correio normal para o seguinte endere\u00e7o:<\/p>\n<p><strong>MONEREO MEYER SOCIEDADE DE ADVOGADOS, SP, RL<\/strong><\/p>\n<p><strong>Rua Filipe Folque n\u00ba 10 J, 4\u00ba Dto, 1050-113 Lisboa<\/strong><\/p>\n<p>Sem preju\u00edzo de qualquer outro recurso administrativo ou judicial, o Utilizador tem o direito de apresentar uma reclama\u00e7\u00e3o junto a uma Autoridade de Controlo, nomeadamente no Estado-Membro da sua resid\u00eancia habitual, local de trabalho ou local da alegada infra\u00e7\u00e3o, no caso de considerar que o tratamento dos seus dados pessoais n\u00e3o \u00e9 l\u00edcito, bem como no caso de n\u00e3o ver satisfeito o exerc\u00edcio dos seus direitos. A autoridade de controlo \u00e0 qual foi apresentada a queixa, informar\u00e1 o queixoso do andamento e do resultado da referida queixa.<\/p>\n<ol start=\"7\">\n<li><strong> &#8211; Seguran\u00e7a dos dados<\/strong><\/li>\n<\/ol>\n<p>A prote\u00e7\u00e3o da privacidade e dos dados pessoais dos utilizadores \u00e9 muito importante para a mmmm. Portanto, a mmmm faz tudo o que est\u00e1 ao seu alcance para impedir que os seus dados sejam utilizados indevidamente, permitindo o acesso aos mesmos apenas a pessoal autorizado.<\/p>\n<p>A mmmm mant\u00e9m os n\u00edveis de seguran\u00e7a de prote\u00e7\u00e3o de dados pessoais de acordo com os regulamentos aplic\u00e1veis e estabeleceu todos os meios t\u00e9cnicos ao seu alcance para evitar a perda, mau uso, altera\u00e7\u00e3o, acesso n\u00e3o autorizado e roubo dos dados fornecidos pelo Utilizador atrav\u00e9s do <em>site<\/em>, sem preju\u00edzo de informar de que as medidas de seguran\u00e7a na Internet n\u00e3o s\u00e3o inexpugn\u00e1veis.<\/p>\n<p>A mmmm compromete-se a cumprir o dever de sigilo e confidencialidade relativamente aos dados pessoais nos termos da legisla\u00e7\u00e3o aplic\u00e1vel, bem como trat\u00e1-los de forma segura nas transfer\u00eancias e ced\u00eancias internacionais de dados que possam ocorrer.<\/p>\n<p>Nos servi\u00e7os do <em>site<\/em> que exigem o registo como Utilizador, deve-se escolher uma palavra-passe. O Utilizador \u00e9 respons\u00e1vel por manter a confidencialidade desta palavra-passe, bem como por todas as atividades que ocorram durante a sess\u00e3o iniciada com o seu nome e palavra-passe. O Utilizador compromete-se a notificar a mmmm, o mais rapidamente poss\u00edvel, de qualquer utiliza\u00e7\u00e3o n\u00e3o autorizada do seu nome de Utilizador e\/ou palavra-passe ou de qualquer outra falha de seguran\u00e7a. A mmmm n\u00e3o ser\u00e1 respons\u00e1vel por quaisquer danos ou perdas que possam surgir devido ao incumprimento desta obriga\u00e7\u00e3o por parte do Utilizado<\/p>\n<ol start=\"8\">\n<li><strong> -Altera\u00e7\u00f5es<\/strong><\/li>\n<\/ol>\n<p>A mmmm reserva-se o direito de rever a sua Pol\u00edtica de Privacidade, sempre que o entender oportuno. Por este motivo, verifique regularmente esta Pol\u00edtica de Privacidade para ler a vers\u00e3o mais recente da mesma. No entanto, quaisquer altera\u00e7\u00f5es a esta Pol\u00edtica de Privacidade ser\u00e3o comunicadas ao Utilizador.<\/p>\n<ol start=\"9\">\n<li><strong> &#8211; Liga\u00e7\u00f5es a <em>sites<\/em><\/strong><\/li>\n<\/ol>\n<p>O site da mmmm pode conter liga\u00e7\u00f5es para <em>sites<\/em> de empresas e entidades terceiras.<\/p>\n<p>A mmmm n\u00e3o pode ser responsabilizada pela forma como estas empresas tratam a privacidade e a prote\u00e7\u00e3o de dados pessoais, pelo que aconselhamos a ler atentamente as declara\u00e7\u00f5es de pol\u00edtica de privacidade destes <em>sites<\/em>, n\u00e3o pertencentes \u00e0 mmmm, relativamente \u00e0 utiliza\u00e7\u00e3o, processamento e prote\u00e7\u00e3o de dados pessoais. As condi\u00e7\u00f5es oferecidas por estes sites podem n\u00e3o ser as mesmas oferecidas pela mmmm<\/p>\n<ol start=\"10\">\n<li><strong> \u2013 Perguntas<\/strong><\/li>\n<\/ol>\n<p>Se tiver alguma quest\u00e3o sobre esta Pol\u00edtica de Privacidade ou sobre o tratamento dos seus dados, por favor contacte a mmmm atrav\u00e9s do seguinte endere\u00e7o eletr\u00f3nico: <a href=\"mailto:lis@mmmm.pt\">lis@mmmm.pt<\/a><\/p>\n<ol start=\"11\">\n<li><strong> &#8211; Aceita\u00e7\u00e3o e consentimento<\/strong><\/li>\n<\/ol>\n<p>O Utilizador declara ter sido informado das condi\u00e7\u00f5es de prote\u00e7\u00e3o de dados pessoais, aceitando e consentindo o tratamento dos mesmos por parte da mmmm, na forma e para as finalidades indicadas na presente Pol\u00edtica de Privacidade.<\/p>\n","protected":false},"excerpt":{"rendered":"<p>&#8211; Quem \u00e9 o respons\u00e1vel pelo tratamento dos seus dados? O respons\u00e1vel pelo tratamento dos seus dados pessoais \u00e9 MONEREO MEYER, SOCIEDADE DE ADVOGADOS, SP, RL (doravante, mmmm), com N. I. F. 517 083 973, e sede social em Rua Filipe Folque n\u00ba 10 J, 4\u00ba Dt\u00ba, 1050-113 Lisboa, freguesia de Avenidas Novas, concelho de [&hellip;]<\/p>\n","protected":false},"author":1,"featured_media":0,"parent":0,"menu_order":0,"comment_status":"closed","ping_status":"open","template":"","meta":{"footnotes":""},"class_list":["post-21323","page","type-page","status-publish","hentry"],"acf":[],"rankMath":{"parentDomain":"www.mmmm.com.pt","noFollowDomains":[],"noFollowExcludeDomains":[],"noFollowExternalLinks":false,"featuredImageNotice":"The featured image should be at least 200 by 200 pixels to be picked up by Facebook and other social media sites.","pluginReviewed":false,"postSettings":{"linkSuggestions":true,"useFocusKeyword":false},"frontEndScore":false,"postName":"politica-de-privacidade-de-monereo-meyer-soc-de-advogados-sp-rl","permalinkFormat":"https:\/\/www.mmmm.com.pt\/pt-pt\/%pagename%\/","showLockModifiedDate":true,"assessor":{"focusKeywordLink":"https:\/\/www.mmmm.com.pt\/core\/wp-admin\/edit.php?focus_keyword=%focus_keyword%&post_type=%post_type%","hasTOCPlugin":false,"primaryTaxonomy":false,"serpData":{"title":"","description":"","focusKeywords":"","pillarContent":false,"canonicalUrl":"","breadcrumbTitle":"","advancedRobots":[],"facebookTitle":"","facebookDescription":"","facebookImage":"","facebookImageID":"","facebookHasOverlay":false,"facebookImageOverlay":"","facebookAuthor":"","twitterCardType":"","twitterUseFacebook":true,"twitterTitle":"","twitterDescription":"","twitterImage":"","twitterImageID":"","twitterHasOverlay":false,"twitterImageOverlay":"","twitterPlayerUrl":"","twitterPlayerSize":"","twitterPlayerStream":"","twitterPlayerStreamCtype":"","twitterAppDescription":"","twitterAppIphoneName":"","twitterAppIphoneID":"","twitterAppIphoneUrl":"","twitterAppIpadName":"","twitterAppIpadID":"","twitterAppIpadUrl":"","twitterAppGoogleplayName":"","twitterAppGoogleplayID":"","twitterAppGoogleplayUrl":"","twitterAppCountry":"","robots":{"index":true},"twitterAuthor":"username","primaryTerm":0,"authorName":"mmmm_admin","titleTemplate":"%title% %sep% %sitename%","descriptionTemplate":"%excerpt%","showScoreFrontend":true,"lockModifiedDate":false},"powerWords":[],"diacritics":{"A":"[\\u0041\\u24B6\\uFF21\\u00C0\\u00C1\\u00C2\\u1EA6\\u1EA4\\u1EAA\\u1EA8\\u00C3\\u0100\\u0102\\u1EB0\\u1EAE\\u1EB4\\u1EB2\\u0226\\u01E0\\u00C4\\u01DE\\u1EA2\\u00C5\\u01FA\\u01CD\\u0200\\u0202\\u1EA0\\u1EAC\\u1EB6\\u1E00\\u0104\\u023A\\u2C6F]","AA":"[\\uA732]","AE":"[\\u00C6\\u01FC\\u01E2]","AO":"[\\uA734]","AU":"[\\uA736]","AV":"[\\uA738\\uA73A]","AY":"[\\uA73C]","B":"[\\u0042\\u24B7\\uFF22\\u1E02\\u1E04\\u1E06\\u0243\\u0182\\u0181]","C":"[\\u0043\\u24B8\\uFF23\\u0106\\u0108\\u010A\\u010C\\u00C7\\u1E08\\u0187\\u023B\\uA73E]","D":"[\\u0044\\u24B9\\uFF24\\u1E0A\\u010E\\u1E0C\\u1E10\\u1E12\\u1E0E\\u0110\\u018B\\u018A\\u0189\\uA779]","DZ":"[\\u01F1\\u01C4]","Dz":"[\\u01F2\\u01C5]","E":"[\\u0045\\u24BA\\uFF25\\u00C8\\u00C9\\u00CA\\u1EC0\\u1EBE\\u1EC4\\u1EC2\\u1EBC\\u0112\\u1E14\\u1E16\\u0114\\u0116\\u00CB\\u1EBA\\u011A\\u0204\\u0206\\u1EB8\\u1EC6\\u0228\\u1E1C\\u0118\\u1E18\\u1E1A\\u0190\\u018E]","F":"[\\u0046\\u24BB\\uFF26\\u1E1E\\u0191\\uA77B]","G":"[\\u0047\\u24BC\\uFF27\\u01F4\\u011C\\u1E20\\u011E\\u0120\\u01E6\\u0122\\u01E4\\u0193\\uA7A0\\uA77D\\uA77E]","H":"[\\u0048\\u24BD\\uFF28\\u0124\\u1E22\\u1E26\\u021E\\u1E24\\u1E28\\u1E2A\\u0126\\u2C67\\u2C75\\uA78D]","I":"[\\u0049\\u24BE\\uFF29\\u00CC\\u00CD\\u00CE\\u0128\\u012A\\u012C\\u0130\\u00CF\\u1E2E\\u1EC8\\u01CF\\u0208\\u020A\\u1ECA\\u012E\\u1E2C\\u0197]","J":"[\\u004A\\u24BF\\uFF2A\\u0134\\u0248]","K":"[\\u004B\\u24C0\\uFF2B\\u1E30\\u01E8\\u1E32\\u0136\\u1E34\\u0198\\u2C69\\uA740\\uA742\\uA744\\uA7A2]","L":"[\\u004C\\u24C1\\uFF2C\\u013F\\u0139\\u013D\\u1E36\\u1E38\\u013B\\u1E3C\\u1E3A\\u0141\\u023D\\u2C62\\u2C60\\uA748\\uA746\\uA780]","LJ":"[\\u01C7]","Lj":"[\\u01C8]","M":"[\\u004D\\u24C2\\uFF2D\\u1E3E\\u1E40\\u1E42\\u2C6E\\u019C]","N":"[\\u004E\\u24C3\\uFF2E\\u01F8\\u0143\\u00D1\\u1E44\\u0147\\u1E46\\u0145\\u1E4A\\u1E48\\u0220\\u019D\\uA790\\uA7A4]","NJ":"[\\u01CA]","Nj":"[\\u01CB]","O":"[\\u004F\\u24C4\\uFF2F\\u00D2\\u00D3\\u00D4\\u1ED2\\u1ED0\\u1ED6\\u1ED4\\u00D5\\u1E4C\\u022C\\u1E4E\\u014C\\u1E50\\u1E52\\u014E\\u022E\\u0230\\u00D6\\u022A\\u1ECE\\u0150\\u01D1\\u020C\\u020E\\u01A0\\u1EDC\\u1EDA\\u1EE0\\u1EDE\\u1EE2\\u1ECC\\u1ED8\\u01EA\\u01EC\\u00D8\\u01FE\\u0186\\u019F\\uA74A\\uA74C]","OI":"[\\u01A2]","OO":"[\\uA74E]","OU":"[\\u0222]","P":"[\\u0050\\u24C5\\uFF30\\u1E54\\u1E56\\u01A4\\u2C63\\uA750\\uA752\\uA754]","Q":"[\\u0051\\u24C6\\uFF31\\uA756\\uA758\\u024A]","R":"[\\u0052\\u24C7\\uFF32\\u0154\\u1E58\\u0158\\u0210\\u0212\\u1E5A\\u1E5C\\u0156\\u1E5E\\u024C\\u2C64\\uA75A\\uA7A6\\uA782]","S":"[\\u0053\\u24C8\\uFF33\\u1E9E\\u015A\\u1E64\\u015C\\u1E60\\u0160\\u1E66\\u1E62\\u1E68\\u0218\\u015E\\u2C7E\\uA7A8\\uA784]","T":"[\\u0054\\u24C9\\uFF34\\u1E6A\\u0164\\u1E6C\\u021A\\u0162\\u1E70\\u1E6E\\u0166\\u01AC\\u01AE\\u023E\\uA786]","TZ":"[\\uA728]","U":"[\\u0055\\u24CA\\uFF35\\u00D9\\u00DA\\u00DB\\u0168\\u1E78\\u016A\\u1E7A\\u016C\\u00DC\\u01DB\\u01D7\\u01D5\\u01D9\\u1EE6\\u016E\\u0170\\u01D3\\u0214\\u0216\\u01AF\\u1EEA\\u1EE8\\u1EEE\\u1EEC\\u1EF0\\u1EE4\\u1E72\\u0172\\u1E76\\u1E74\\u0244]","V":"[\\u0056\\u24CB\\uFF36\\u1E7C\\u1E7E\\u01B2\\uA75E\\u0245]","VY":"[\\uA760]","W":"[\\u0057\\u24CC\\uFF37\\u1E80\\u1E82\\u0174\\u1E86\\u1E84\\u1E88\\u2C72]","X":"[\\u0058\\u24CD\\uFF38\\u1E8A\\u1E8C]","Y":"[\\u0059\\u24CE\\uFF39\\u1EF2\\u00DD\\u0176\\u1EF8\\u0232\\u1E8E\\u0178\\u1EF6\\u1EF4\\u01B3\\u024E\\u1EFE]","Z":"[\\u005A\\u24CF\\uFF3A\\u0179\\u1E90\\u017B\\u017D\\u1E92\\u1E94\\u01B5\\u0224\\u2C7F\\u2C6B\\uA762]","a":"[\\u0061\\u24D0\\uFF41\\u1E9A\\u00E0\\u00E1\\u00E2\\u1EA7\\u1EA5\\u1EAB\\u1EA9\\u00E3\\u0101\\u0103\\u1EB1\\u1EAF\\u1EB5\\u1EB3\\u0227\\u01E1\\u00E4\\u01DF\\u1EA3\\u00E5\\u01FB\\u01CE\\u0201\\u0203\\u1EA1\\u1EAD\\u1EB7\\u1E01\\u0105\\u2C65\\u0250]","aa":"[\\uA733]","ae":"[\\u00E6\\u01FD\\u01E3]","ao":"[\\uA735]","au":"[\\uA737]","av":"[\\uA739\\uA73B]","ay":"[\\uA73D]","b":"[\\u0062\\u24D1\\uFF42\\u1E03\\u1E05\\u1E07\\u0180\\u0183\\u0253]","c":"[\\u0063\\u24D2\\uFF43\\u0107\\u0109\\u010B\\u010D\\u00E7\\u1E09\\u0188\\u023C\\uA73F\\u2184]","d":"[\\u0064\\u24D3\\uFF44\\u1E0B\\u010F\\u1E0D\\u1E11\\u1E13\\u1E0F\\u0111\\u018C\\u0256\\u0257\\uA77A]","dz":"[\\u01F3\\u01C6]","e":"[\\u0065\\u24D4\\uFF45\\u00E8\\u00E9\\u00EA\\u1EC1\\u1EBF\\u1EC5\\u1EC3\\u1EBD\\u0113\\u1E15\\u1E17\\u0115\\u0117\\u00EB\\u1EBB\\u011B\\u0205\\u0207\\u1EB9\\u1EC7\\u0229\\u1E1D\\u0119\\u1E19\\u1E1B\\u0247\\u025B\\u01DD]","f":"[\\u0066\\u24D5\\uFF46\\u1E1F\\u0192\\uA77C]","g":"[\\u0067\\u24D6\\uFF47\\u01F5\\u011D\\u1E21\\u011F\\u0121\\u01E7\\u0123\\u01E5\\u0260\\uA7A1\\u1D79\\uA77F]","h":"[\\u0068\\u24D7\\uFF48\\u0125\\u1E23\\u1E27\\u021F\\u1E25\\u1E29\\u1E2B\\u1E96\\u0127\\u2C68\\u2C76\\u0265]","hv":"[\\u0195]","i":"[\\u0069\\u24D8\\uFF49\\u00EC\\u00ED\\u00EE\\u0129\\u012B\\u012D\\u00EF\\u1E2F\\u1EC9\\u01D0\\u0209\\u020B\\u1ECB\\u012F\\u1E2D\\u0268\\u0131]","j":"[\\u006A\\u24D9\\uFF4A\\u0135\\u01F0\\u0249]","k":"[\\u006B\\u24DA\\uFF4B\\u1E31\\u01E9\\u1E33\\u0137\\u1E35\\u0199\\u2C6A\\uA741\\uA743\\uA745\\uA7A3]","l":"[\\u006C\\u24DB\\uFF4C\\u0140\\u013A\\u013E\\u1E37\\u1E39\\u013C\\u1E3D\\u1E3B\\u017F\\u0142\\u019A\\u026B\\u2C61\\uA749\\uA781\\uA747]","lj":"[\\u01C9]","m":"[\\u006D\\u24DC\\uFF4D\\u1E3F\\u1E41\\u1E43\\u0271\\u026F]","n":"[\\u006E\\u24DD\\uFF4E\\u01F9\\u0144\\u00F1\\u1E45\\u0148\\u1E47\\u0146\\u1E4B\\u1E49\\u019E\\u0272\\u0149\\uA791\\uA7A5]","nj":"[\\u01CC]","o":"[\\u006F\\u24DE\\uFF4F\\u00F2\\u00F3\\u00F4\\u1ED3\\u1ED1\\u1ED7\\u1ED5\\u00F5\\u1E4D\\u022D\\u1E4F\\u014D\\u1E51\\u1E53\\u014F\\u022F\\u0231\\u00F6\\u022B\\u1ECF\\u0151\\u01D2\\u020D\\u020F\\u01A1\\u1EDD\\u1EDB\\u1EE1\\u1EDF\\u1EE3\\u1ECD\\u1ED9\\u01EB\\u01ED\\u00F8\\u01FF\\u0254\\uA74B\\uA74D\\u0275]","oi":"[\\u01A3]","ou":"[\\u0223]","oo":"[\\uA74F]","p":"[\\u0070\\u24DF\\uFF50\\u1E55\\u1E57\\u01A5\\u1D7D\\uA751\\uA753\\uA755]","q":"[\\u0071\\u24E0\\uFF51\\u024B\\uA757\\uA759]","r":"[\\u0072\\u24E1\\uFF52\\u0155\\u1E59\\u0159\\u0211\\u0213\\u1E5B\\u1E5D\\u0157\\u1E5F\\u024D\\u027D\\uA75B\\uA7A7\\uA783]","s":"[\\u0073\\u24E2\\uFF53\\u015B\\u1E65\\u015D\\u1E61\\u0161\\u1E67\\u1E63\\u1E69\\u0219\\u015F\\u023F\\uA7A9\\uA785\\u1E9B]","ss":"[\\u00DF]","t":"[\\u0074\\u24E3\\uFF54\\u1E6B\\u1E97\\u0165\\u1E6D\\u021B\\u0163\\u1E71\\u1E6F\\u0167\\u01AD\\u0288\\u2C66\\uA787]","tz":"[\\uA729]","u":"[\\u0075\\u24E4\\uFF55\\u00F9\\u00FA\\u00FB\\u0169\\u1E79\\u016B\\u1E7B\\u016D\\u00FC\\u01DC\\u01D8\\u01D6\\u01DA\\u1EE7\\u016F\\u0171\\u01D4\\u0215\\u0217\\u01B0\\u1EEB\\u1EE9\\u1EEF\\u1EED\\u1EF1\\u1EE5\\u1E73\\u0173\\u1E77\\u1E75\\u0289]","v":"[\\u0076\\u24E5\\uFF56\\u1E7D\\u1E7F\\u028B\\uA75F\\u028C]","vy":"[\\uA761]","w":"[\\u0077\\u24E6\\uFF57\\u1E81\\u1E83\\u0175\\u1E87\\u1E85\\u1E98\\u1E89\\u2C73]","x":"[\\u0078\\u24E7\\uFF58\\u1E8B\\u1E8D]","y":"[\\u0079\\u24E8\\uFF59\\u1EF3\\u00FD\\u0177\\u1EF9\\u0233\\u1E8F\\u00FF\\u1EF7\\u1E99\\u1EF5\\u01B4\\u024F\\u1EFF]","z":"[\\u007A\\u24E9\\uFF5A\\u017A\\u1E91\\u017C\\u017E\\u1E93\\u1E95\\u01B6\\u0225\\u0240\\u2C6C\\uA763]"},"researchesTests":["contentHasTOC","contentHasShortParagraphs","contentHasAssets","keywordInTitle","keywordInMetaDescription","keywordInPermalink","keywordIn10Percent","keywordInContent","keywordInSubheadings","keywordInImageAlt","keywordDensity","keywordNotUsed","lengthContent","lengthPermalink","linksHasInternal","linksHasExternals","linksNotAllExternals","titleStartWithKeyword","titleSentiment","titleHasPowerWords","titleHasNumber","hasContentAI"],"hasRedirection":false,"hasBreadcrumb":false},"homeUrl":"https:\/\/www.mmmm.com.pt\/pt-pt\/","objectID":21323,"objectType":"post","locale":"pt","localeFull":"pt_PT","overlayImages":{"play":{"name":"Play icon","url":"https:\/\/www.mmmm.com.pt\/mmmm-content\/plugins\/seo-by-rank-math\/assets\/admin\/img\/icon-play.png","path":"\/var\/www\/vhosts\/mmmm.com.pt\/httpdocs\/mmmm-content\/plugins\/seo-by-rank-math\/assets\/admin\/img\/icon-play.png","position":"middle_center"},"gif":{"name":"GIF icon","url":"https:\/\/www.mmmm.com.pt\/mmmm-content\/plugins\/seo-by-rank-math\/assets\/admin\/img\/icon-gif.png","path":"\/var\/www\/vhosts\/mmmm.com.pt\/httpdocs\/mmmm-content\/plugins\/seo-by-rank-math\/assets\/admin\/img\/icon-gif.png","position":"middle_center"}},"defautOgImage":"https:\/\/www.mmmm.com.pt\/mmmm-content\/plugins\/seo-by-rank-math\/assets\/admin\/img\/social-placeholder.jpg","customPermalinks":true,"isUserRegistered":false,"autoSuggestKeywords":false,"connectSiteUrl":"https:\/\/rankmath.com\/auth?site=https%3A%2F%2Fwww.mmmm.com.pt%2Fpt-pt%2F&r=https%3A%2F%2Fwww.mmmm.com.pt%2Fpt-pt%2Fwp-json%2Fwp%2Fv2%2Fpages%2F21323%3Fnonce%3Dfc1ddd7a25","maxTags":5,"trendsIcon":"<svg viewBox=\"0 0 610 610\"><path d=\"M18.85,446,174.32,290.48l58.08,58.08L76.93,504a14.54,14.54,0,0,1-20.55,0L18.83,466.48a14.54,14.54,0,0,1,0-20.55Z\" style=\"fill:#4285f4\"\/><path d=\"M242.65,242.66,377.59,377.6l-47.75,47.75a14.54,14.54,0,0,1-20.55,0L174.37,290.43l47.75-47.75A14.52,14.52,0,0,1,242.65,242.66Z\" style=\"fill:#ea4335\"\/><polygon points=\"319.53 319.53 479.26 159.8 537.34 217.88 377.61 377.62 319.53 319.53\" style=\"fill:#fabb05\"\/><path d=\"M594.26,262.73V118.61h0a16.94,16.94,0,0,0-16.94-16.94H433.2a16.94,16.94,0,0,0-12,28.92L565.34,274.71h0a16.94,16.94,0,0,0,28.92-12Z\" style=\"fill:#34a853\"\/><rect width=\"610\" height=\"610\" style=\"fill:none\"\/><\/svg>","showScore":true,"siteFavIcon":"data:image\/png;base64,iVBORw0KGgoAAAANSUhEUgAAABAAAAAQCAYAAAAf8\/9hAAABs0lEQVR4AWL4\/\/8\/RRjO8Iucx+noO0MWUDo16FYABMGP6ZfUcRnWtm27jVPbtm3bttuH2t3eFPcY9pLz7NxiLjCyVd87pKnHyqXyxtCs8APd0rnyxiu4qSeA3QEDrAwBDrT1s1Rc\/OrjLZwqVmOSu6+Lamcpp2KKMA9PH1BYXMe1mUP5qotvXTywsOEEYHXxrY+3cqk6TMkYpNr2FeoY3KIr0RPtn9wQ2unlA+GMkRw6+9TFw4YTwDUzx\/JVvARj9KaedXRO8P5B1Du2S32smzqUrcKGEyA+uAgQjKX7zf0boWHGfn71jIKj2689gxp7OAGShNcBUmLMPVjZuiKcA2vuWHHDCQxMCz629kXAIU4ApY15QwggAFbfOP9DhgBJ+nWVJ1AZAfICAj1pAlY6hCADZnveQf7bQIwzVONGJonhLIlS9gr5mFg44Xd+4S3XHoGNPdJl1INIwKyEgHckEhgTe1bGiFY9GSFBYUwLh1IkiJUbY407E7syBSFxKTszEoiE\/YdrgCEayDmtaJwCI9uu8TKMuZSVfSa4BpGgzvomBR\/INhLGzrqDotp01ZR8pn\/1L0JN9d9XNyx0AAAAAElFTkSuQmCC","canUser":{"general":false,"advanced":false,"snippet":false,"social":false,"analysis":false,"analytics":false,"content_ai":false},"isPro":false,"is_front_page":false,"trendsUpgradeLink":"https:\/\/rankmath.com\/pricing\/?utm_source=Plugin&utm_medium=CE%20General%20Tab%20Trends&utm_campaign=WP","trendsUpgradeLabel":"Upgrade","trendsPreviewImage":"https:\/\/www.mmmm.com.pt\/mmmm-content\/plugins\/seo-by-rank-math\/assets\/admin\/img\/trends-preview.jpg","currentEditor":false,"homepageData":{"assessor":{"powerWords":[],"diacritics":true,"researchesTests":["contentHasTOC","contentHasShortParagraphs","contentHasAssets","keywordInTitle","keywordInMetaDescription","keywordInPermalink","keywordIn10Percent","keywordInContent","keywordInSubheadings","keywordInImageAlt","keywordDensity","keywordNotUsed","lengthContent","lengthPermalink","linksHasInternal","linksHasExternals","linksNotAllExternals","titleStartWithKeyword","titleSentiment","titleHasPowerWords","titleHasNumber","hasContentAI"],"hasBreadcrumb":false,"serpData":{"title":"%sitename% %page% %sep% %sitedesc%","description":"","titleTemplate":"%sitename% %page% %sep% %sitedesc%","descriptionTemplate":"","focusKeywords":"","breadcrumbTitle":"Home","robots":{"index":true},"advancedRobots":[],"facebookTitle":"","facebookDescription":"","facebookImage":"","facebookImageID":""}}},"tocTitle":"Table of Contents","tocExcludeHeadings":[],"listStyle":"ul"},"_links":{"self":[{"href":"https:\/\/www.mmmm.com.pt\/pt-pt\/wp-json\/wp\/v2\/pages\/21323","targetHints":{"allow":["GET"]}}],"collection":[{"href":"https:\/\/www.mmmm.com.pt\/pt-pt\/wp-json\/wp\/v2\/pages"}],"about":[{"href":"https:\/\/www.mmmm.com.pt\/pt-pt\/wp-json\/wp\/v2\/types\/page"}],"author":[{"embeddable":true,"href":"https:\/\/www.mmmm.com.pt\/pt-pt\/wp-json\/wp\/v2\/users\/1"}],"replies":[{"embeddable":true,"href":"https:\/\/www.mmmm.com.pt\/pt-pt\/wp-json\/wp\/v2\/comments?post=21323"}],"version-history":[{"count":6,"href":"https:\/\/www.mmmm.com.pt\/pt-pt\/wp-json\/wp\/v2\/pages\/21323\/revisions"}],"predecessor-version":[{"id":22334,"href":"https:\/\/www.mmmm.com.pt\/pt-pt\/wp-json\/wp\/v2\/pages\/21323\/revisions\/22334"}],"wp:attachment":[{"href":"https:\/\/www.mmmm.com.pt\/pt-pt\/wp-json\/wp\/v2\/media?parent=21323"}],"curies":[{"name":"wp","href":"https:\/\/api.w.org\/{rel}","templated":true}]}}